{"id":40,"date":"2025-11-30T09:58:47","date_gmt":"2025-11-30T09:58:47","guid":{"rendered":"https:\/\/sportbusinesshome.com\/home\/"},"modified":"2026-03-16T12:13:01","modified_gmt":"2026-03-16T12:13:01","slug":"home","status":"publish","type":"page","link":"https:\/\/sportbusinesshome.com\/en\/","title":{"rendered":"Home"},"content":{"rendered":"<p>Lorem Ipsum has been the industry&#8217;s standard dummy text ever since the 1500s.<\/p>\n\n\n\n<h1><em>&#8222;&#8221;Inspiratie pentru atingerea obiectivelor tale&#8221;&#8221;<\/em><\/h1>\n<p class=\"MsoNormal\"><span lang=\"EN-GB\">Welcome to <strong>the Sport<\/strong> <strong>Business<\/strong> <strong>Home<\/strong> community by <strong>Gabriel Marin<\/strong>. A community with a positive spirit, professionalism, and respect for sport. My name is Gabriel Marin and I possess experience, and studies in <strong>Sport Business <\/strong> Management. My studies at Sheffield Hallam University, UK, in Sport Business Management included elements of sport psychology, and I carried on after graduation with this research since I am passionate about sport. <\/span><\/p>\n<p class=\"MsoNormal\"><span lang=\"EN-GB\">Expertiza mea cuprinde domeniul sportiv si adaptabilitatea &#8211; capacitatea de acomodare rapida si eficienta la schimbari. In consecinta ma adresez sportivilor de performanta ce isi doresc dezvoltare si excelenta. Ofer cursuri (online sau in locatie fizica) de Mental Skills 1:1 pentru tinerii sportivi de performanta la inceput de cariera intre 12-19 ani, parintii si antrenorii acestora. <\/span><\/p>\n<p class=\"MsoNormal\"><span lang=\"EN-GB\"><o:p><\/o:p><\/span><\/p>\n\n<p class=\"MsoNormal\"><b><span lang=\"EN-GB\">Sport &#8211; <\/span><\/b><span lang=\"EN-GB\">Mental Skills <b>&#8211; <\/b>Are you a coach, parent, or elite athlete\nand would like to improve <b>performance <\/b>with a champions mindset.<\/span><\/p>\n<p class=\"MsoNormal\"><span lang=\"EN-GB\">This course include practical exercises and is designed to help you achieve your goals by managing your emotions and developing productive skills and habits that will last a lifetime. The sessions will focus on adaptability, self-confidence, self-efficacy, managing fears, and other key elements of a champion\u2019s mindset. The times and dates of the course will be determined by mutual agreement. The course will take place online or in person as agreed, depending on the athlete\u2019s needs. The course consists of 17 one-hour sessions, and the first 2 sessions are free.     <\/span><\/p>\n<p class=\"MsoNormal\"><span lang=\"EN-GB\"> Based on my experience in the field of sport, I also offer consulting services in sport event management and role models in sport.        <\/span><\/p>\n<p><span style=\"color: rgb(121, 128, 130); font-family: Poppins; font-size: 16px;\">I am here to be your partner within the learning and development process.<\/span><br><br><\/p>\n<h1><em>Gabriel Marin<span style=\"background-color:#0066cc;\"><\/span><\/em><\/h1>\n<h1><br><\/h1>\n<p>Lorem Ipsum has been the industry&#8217;s standard dummy text ever since the 1500s.<\/p>\n\n\n\n\n<br>\n\n\n<p>Lorem Ipsum has been the industry&#8217;s standard dummy text ever since the 1500s.<\/p>\n\n\n\n\n\n\n\n\n<p class=\"MsoNormal\">This website belongs to Proiect MVM SRL. <o:p><\/o:p><\/p><p class=\"MsoNormal\">Office Address: Str. Vitioara nr. 78, Sector 3, Bucharest. <o:p><\/o:p><\/p><p class=\"MsoNormal\">nr. ORC J1993017161406, <o:p><\/o:p><\/p><p class=\"MsoNormal\">CUI: 4380778 <o:p><\/o:p><\/p><p class=\"MsoNormal\">IBAN: IBAN RO98RZBR0000060000383622<o:p><\/o:p><\/p><p>\n\n\n\n\n\n\n\n\n\n<\/p><p class=\"MsoNormal\">Raifeissen Bank Bucharest<o:p><\/o:p><\/p>\n\n\n\n\n\n\n\n\nCookies&nbsp;\n<p>1. Introduction - This Cookie Policy applies to all users of the website https:\/\/sportbusinesshome.com\/. The information provided below is intended to inform users of this website about the placement, use, and management of cookies by Proiect MVM SRL in connection with users\u2019 browsing of this website.<\/p>\n<p>\n\n\nWhat are cookies? We use the term \u201ccookies\u201d to refer to cookies and similar technologies through which information may be collected automatically. An \u201cInternet cookie\u201d (also known as a \u201cbrowser cookie,\u201d \u201cHTTP cookie,\u201d or simply \u201ccookie\u201d) is a small file consisting of letters and numbers that is stored on a user\u2019s computer, mobile device, or other equipment used to access the internet. Cookies are installed through a request sent by a web server to a browser (e.g., Internet Explorer, Firefox, Chrome). Once installed, cookies have a fixed lifespan and remain \u201cpassive,\u201d meaning they do not contain software programs, viruses, or spyware and will not access information on the hard drive of the user whose device they were installed on. A cookie consists of two parts: the cookie\u2019s name; and the cookie\u2019s content or value. Technically, only the web server that sent the cookie can access it again when a user returns to the webpage associated with that web server\n<\/p>\n<p>\n\n\n3. For what purposes are cookies used on\nthis website:\n\nCookies are used to provide users of this\nwebsite with a better browsing experience and services\ntailored to the needs and interests of each individual user, namely\nto:\n\nimproving the use of this website, including by\nidentifying any errors that occur during users\u2019 visits to or use of\nthe site;\nproviding anonymous statistics regarding how this website is\nused to Proiect MVM SRL, as\nthe owner of this website;\nanticipating potential features that will be made available to\nusers in the future through this website,\nbased on the services\/products accessed.\nBased on the feedback transmitted via cookies regarding how\nthis website is used, Proiect MVM SRL may\ntake measures to make this website more efficient\nand accessible to users.\nThus, the use of cookies allows for the storage of certain\nsettings\/preferences established by the users of this\nwebsite, such as: \n\nthe language in which a webpage is displayed;\n<\/p>\n<p>\n\n\n4. What is the lifespan of cookies?\n\nThe lifespan of cookies can vary significantly, depending on\nthe purpose for which they are placed. There are the following categories of\ncookies, which also determine their lifespan:\n\nSession cookies \u2013 A \u201csession cookie\u201d is a cookie that is\nautomatically deleted when the user closes their browser.\nPersistent or fixed cookies \u2013 A \u201cpersistent\u201d or \u201cfixed\u201d cookie is\na cookie that remains stored on the user\u2019s device until\nit reaches a specific expiration date (which may be in a few minutes, days,\nor several years in the future) or until it is deleted by\nthe user at any time via browser settings.;\n<\/p>\n<p>5. What are third-party cookies?\n\nCertain sections of content on the website may be provided\nby third parties, i.e., not by Proiect MVM SRL, in which\ncase these cookies are referred to as third-party cookies\n(\u201cthird-party cookies\u201d).\nThird-party cookie providers must also comply with\ndata protection regulations and the Privacy Policy\nhttps:\/\/www.cookieyes.com\/google-analytics-and-gdpr\/\navailable on this website.\nThese cookies may come from the following third parties: Google Analytics,\nFacebook, Instagram, LinkedIn.\n<\/p>\n<p>\n\n\n6. What cookies are used on this website:\n\nWhen you use or visit this website, the following\ncookies may be placed:\n\na. Website performance cookies;\nb. User analytics cookies;\nc. Geotargeting cookies;\nd. Advertising cookies\n\na. Performance cookies\n\nThese types of cookies store the user\u2019s preferences\nfor this website, so that resetting preferences\nupon a subsequent visit to the website is no longer necessary.\n\nb. User analytics cookies\n\nThese cookies inform us whether a specific user of the website\nhas previously visited or used this website.\nThese cookies are used solely for statistical purposes.\n\nc. Geotargeting cookies\n\nThese cookies are used by software that determines the country\nof origin of the website user. The same ads will be displayed regardless of the selected language.\n\nd.    Advertising cookies are small files stored on the website user\u2019s device that allow websites and advertising networks to collect anonymous data about their online activity                                                        (which ads they have seen, which websites they have visited) in order to display them personalized and relevant ads, tailored to their interests <\/p>\n<p>\n\n\n\n7. What type of information is stored and accessed through\ncookies?\n\nCookies store information in a small text file\nthat allows the browser to be recognized. This website\nrecognizes the browser until the cookies expire or are deleted.\n<\/p>\n<p>\n\n8. Customizing browser settings regarding\ncookies\n\nIf the use of cookies does not cause any inconvenience and\nthe computer or device used to browse\nthis website is used only by you, you may\nset long expiration periods for storing your\nbrowsing history.\nIf the computer or technical device used to\nbrowse this website is used by multiple\npeople, you may consider setting the browser to delete\nindividual browsing data each time the browser is closed.\n<\/p>\n<p>\n9. How can cookies be disabled?\n\nDisabling or refusing cookies may make this website\ndifficult to use, resulting in limitations on\nits functionality.\nUsers can configure their browser to reject cookies\nor to accept cookies from a specific website.\nAll modern browsers offer the option to change cookie settings.\nThese settings can usually be accessed in the\n\u201cOptions\/Settings\u201d section or in your browser\u2019s \u201cPreferences\u201d menu.\nHowever, refusing or disabling cookies does not mean that you will\nno longer receive online advertising\u2014it simply means that it will not be tailored\nto your preferences and interests, as indicated by\nyour browsing behavior.\n<\/p>\n<p>\n\n\n\n\n\n\n\n\n\n\n\n\n\n\nPRIVACY POLICY\n<\/p>\n<p>GENERAL INFORMATION\n<\/p>\n<p>Prin site se intelege totalitatea informatiilor ce pot fi obtinute prin\naccesarea adresei web https:\/\/sportbusinesshome.com\/  \nAcest site este proprietatea Proiect MVM SRL. Proiect MVM SRL intretine si administreaza\nacest site si are urmatoarele date de identificare:\n \nProiect MVM SRL\nsediul: Str. Vitioara nr. 78, Sector 3, Bucuresti.                                                                                                      nr. ORC J1993017161406                                                                                                                                                    CUI: 4380778                                                                                                                                                                   cont lei &#8211; IBAN RO98RZBR0000060000383622                                                                                                                cont euro &#8211; IBAN: RO78RZBR0000060020998228                                                                                                                                              banca Raifeissen Bank Bucuresti\n<\/p>\n<p>Why we process your personal data\n<\/p>\n<p>Procesam datele dvs. personale pentru interesele noastre legitime ca afacere, dar numai daca este necesar pentru scopul pe care l-am colectat. Putem procesa datele dvs. pentru:\n&#8211; Activit\u0103\u021bi de v\u00e2nzare \u0219i marketing, cum ar fi apeluri telefonice, e-mailuri \u0219i alte tipuri de comunic\u0103ri cu dvs.\n&#8211; \u00cen\u021belegerea modului \u00een care interac\u021biona\u021bi cu site-ul web \u0219i cu social media\n&#8211; Activitatea financiar\u0103, cum ar fi comunic\u0103rile legate de facturare\n&#8211; Pentru a \u00eendeplini obliga\u021biile \u00een baza unui contract cu dvs. sau cu compania la care lucrati\nVom p\u0103stra datele dvs. numai at\u00e2ta timp c\u00e2t avem nevoie de ele pentru a efectua oricare dintre procesele enumerate mai sus.\n<\/p>\n<p>The data we use\n<\/p>\n<p>Utiliz\u0103m o serie de diferite categorii de date despre dvs., ca parte a proceselor noastre normale de afaceri, incluzand categoriile:\n&#8211; Detalii de contact\n&#8211; E-mailuri \u0219i \u00eenregistr\u0103ri ale conversa\u021biilor verbale\n&#8211; Site-ul nostru \u0219i activitatea social media\n&#8211; Statutul dvs. referitor la organiza\u021bia noastr\u0103, cum ar fi preferin\u021bele de comunicare \u0219i \u00eenregistr\u0103rile activit\u0103\u021bii de marketing care vi-au fost trimise\n<\/p>\n<p>How we collect your personal data\n<\/p>\n<p>&#8211; Prin intermediul formularelor de contact de pe site-ul nostru (de ex., cand solicitati informa\u021bii suplimentare sau desc\u0103rcati un material (pdf))\n&#8211; Din cookie-uri: Noi folosim cookie-uri pe site-ul nostru, care v\u0103 identific\u0103 atunci c\u00e2nd ne vizita\u021bi \u0219i ne spune\u021bi ce pagini viziona\u021bi. De asemenea, folosim informa\u021biile pentru a declan\u0219a activitatea de v\u00e2nz\u0103ri \u0219i marketing (pentru mai multe informa\u021bii, consulta\u021bi pagina cookie)\n&#8211; De la social media: Dac\u0103 alege\u021bi s\u0103 ne comunica\u021bi prin intermediul oric\u0103rei platforme de social media\n&#8211; Comunic\u0103ri verbale \u0219i scrise: C\u00e2nd ne trimite\u021bi un e-mail, suna\u021bi sau scrie\u021bi o scrisoare sau dac\u0103 v\u0103 \u00eent\u00e2lnim fa\u021b\u0103 \u00een fa\u021b\u0103\n<\/p>\n<p>Data Privacy\n<\/p>\n<p>We have implemented appropriate organizational, technical, and administrative measures to protect personal data within our organization. Although we take reasonable steps to protect your personal data from loss, misuse, interference, and unauthorized access, alteration, and disclosure, you should be aware that no security procedures or protocols can ever guarantee 100% security against intrusion or hacking. There are always some risks involved in sharing personal data online. If you have reason to believe that your interaction with us is no longer secure (for example, if you believe your account security has been compromised), please notify us immediately.\n<\/p>\n<p>Who will be able to view your data\n<\/p>\n<p>Our Employees\n<\/p>\n<p>Our employees have access to personal data depending on the department they work in and their need to access such data.\n<\/p>\n<p>Website and Social Media pages\n<\/p>\n<p>You may also disclose personal data through our website, on message boards, chat rooms, profile pages, blogs, and other services where you can post information and materials (including, but not limited to, our website and social media pages). This information may appear in public forums, such as through search engines or other publicly available platforms, and may be \u201ccrawled\u201d or searched by third parties. Please do not post any information that you do not wish to disclose to the general public.\n<\/p>\n<p>Third-party websites\n<\/p>\n<p>Our website allows you to connect to other websites on the Internet through direct links or via features such as \u201cshare\u201d or \u201clike\u201d buttons, and other websites may also contain links to our websites. The information practices or content of these sites are governed by the privacy statements of those websites and not by this Privacy Policy. We encourage you to review the privacy policies found on other websites, services, and applications to understand how your information is collected and used by them.\nSimilarly, please note that we are not responsible for the policies and practices regarding the collection, use, and disclosure (including data security practices) of other organizations, such as Apple, Facebook, Google, LinkedIn, Microsoft, RIM, Twitter, or any other app developer, app provider, social media platform provider, operating system provider, wireless service provider, or device manufacturer, including any personal data you disclose to other organizations through or in connection with the Apps or social media pages.\n<\/p>\n<p>Your rights\n<\/p>\n<p>The law grants you a number of rights, which means you have control over the personal data we process.\n<\/p>\n<p>Accessing your personal data\n<\/p>\n<p>This right allows you to confirm that your personal data is being processed and to verify that the processing is being carried out in accordance with the law.\n<\/p>\n<p>Correcting any mistakes\n<\/p>\n<p>The right to rectification allows you to ask an organization that processes your personal data to correct any errors.\n<\/p>\n<p>Data deletion\n<\/p>\n<p>The right to ask an organization to delete your personal data.\n<\/p>\n<p>Stop processing\n<\/p>\n<p>The right to object to the processing of your personal data\n<\/p>\n<p>Data migration\n<\/p>\n<p>The right to data portability means that, under certain circumstances, you can request that your personal data be transferred from one organization to another.\n<\/p>\n<p>The right to object to direct marketing\n<\/p>\n<p>Ave\u021bi dreptul s\u0103 v\u0103 opune\u021bi prelucr\u0103rii datelor dvs. personale \u00een scopul marketingului directe.\n<\/p>\n<p>Obiectul de profilare\n<\/p>\n<p>Under certain circumstances, you may object to profiling or automated decision-making.\n<\/p>\n<p>Can children use our website?\n<\/p>\n<p>This website is not intended for minors under the age of 18. We do not knowingly or specifically collect information from minors under the age of 18, and we believe that children of any age should obtain the consent of their parents or guardian before providing personal information. If you believe we have mistakenly or unintentionally collected such information, please notify us at contact@sportbusinesshome.com so that we can delete the information from our servers.\n<\/p>\n<p>Digital Marketing\n<\/p>\n<p>When you give us your permission, we will use digital marketing (emails, text messages, social media) to share information we believe will be of interest to you, including industry and company news and updates, as well as special offers. If you do not wish to receive these communications, you will be given the option to unsubscribe by clicking the unsubscribe link at the bottom of each email.\nChanges to the Privacy Policy\nIf we determine that a change to our privacy policy is necessary, we will post those changes on this page to inform you about the types of data we collect and how we use it.\n<\/p>\n<p>Information regarding the National Authority for the Supervision of Personal Data Processing (ANSPDCP)\nIf you believe that your rights under Regulation (EU) 2016\/679 have been violated, you may contact the ANSPDCP by filing a complaint.\n<\/p>\n<p>The contact information for ANSPDCP is as follows:\nAddress: 28-30 General Gheorghe Magheru Blvd., Sector 1, ZIP Code 010336, Bucharest, Romania\nPhone: +40.318.059.211 \/ +40.318.059.212\nFax: +40.318.059.602\nEmail: anspdcp@dataprotection.ro\nWebsite: www.dataprotection.ro <\/p>\n<p>RETURN POLICY <\/p>\n<p>Our refund and return policy is valid for 14 days. If 14 days have passed since your purchase, we cannot offer you a full refund or an exchange.<\/p>","protected":false},"excerpt":{"rendered":"","protected":false},"author":1,"featured_media":0,"parent":0,"menu_order":0,"comment_status":"closed","ping_status":"closed","template":"","meta":{"pagelayer_contact_templates":[],"_pagelayer_content":"","footnotes":""},"class_list":["post-40","page","type-page","status-publish","hentry"],"_links":{"self":[{"href":"https:\/\/sportbusinesshome.com\/en\/wp-json\/wp\/v2\/pages\/40","targetHints":{"allow":["GET"]}}],"collection":[{"href":"https:\/\/sportbusinesshome.com\/en\/wp-json\/wp\/v2\/pages"}],"about":[{"href":"https:\/\/sportbusinesshome.com\/en\/wp-json\/wp\/v2\/types\/page"}],"author":[{"embeddable":true,"href":"https:\/\/sportbusinesshome.com\/en\/wp-json\/wp\/v2\/users\/1"}],"replies":[{"embeddable":true,"href":"https:\/\/sportbusinesshome.com\/en\/wp-json\/wp\/v2\/comments?post=40"}],"version-history":[{"count":75,"href":"https:\/\/sportbusinesshome.com\/en\/wp-json\/wp\/v2\/pages\/40\/revisions"}],"predecessor-version":[{"id":375,"href":"https:\/\/sportbusinesshome.com\/en\/wp-json\/wp\/v2\/pages\/40\/revisions\/375"}],"wp:attachment":[{"href":"https:\/\/sportbusinesshome.com\/en\/wp-json\/wp\/v2\/media?parent=40"}],"curies":[{"name":"wp","href":"https:\/\/api.w.org\/{rel}","templated":true}]}}